{"id":5049,"date":"2025-07-09T18:30:06","date_gmt":"2025-07-09T10:30:06","guid":{"rendered":"https:\/\/micppf.com\/katalog\/"},"modified":"2025-12-18T00:51:50","modified_gmt":"2025-12-17T16:51:50","slug":"katalog","status":"publish","type":"page","link":"https:\/\/micppf.com\/pl\/katalog\/","title":{"rendered":"Katalog"},"content":{"rendered":"\t\t<div data-elementor-type=\"wp-page\" data-elementor-id=\"5049\" class=\"elementor elementor-5049 elementor-3761\" data-elementor-post-type=\"page\">\n\t\t\t\t<div class=\"elementor-element elementor-element-52ab5749 e-con-full e-flex e-con e-parent\" data-id=\"52ab5749\" data-element_type=\"container\" data-settings=\"{&quot;background_background&quot;:&quot;classic&quot;}\">\n\t\t<div class=\"elementor-element elementor-element-649fa831 e-flex e-con-boxed elementor-invisible e-con e-child\" data-id=\"649fa831\" data-element_type=\"container\" data-settings=\"{&quot;animation&quot;:&quot;fadeInUp&quot;}\">\n\t\t\t\t\t<div class=\"e-con-inner\">\n\t\t\t\t<div class=\"elementor-element elementor-element-3bd08e6a elementor-widget elementor-widget-heading\" data-id=\"3bd08e6a\" data-element_type=\"widget\" data-widget_type=\"heading.default\">\n\t\t\t\t\t<h1 class=\"elementor-heading-title elementor-size-default\">typ produktu<\/h1>\t\t\t\t<\/div>\n\t\t\t\t\t<\/div>\n\t\t\t\t<\/div>\n\t\t\t\t<\/div>\n\t\t<div class=\"elementor-element elementor-element-254a9cb4 e-flex e-con-boxed e-con e-parent\" data-id=\"254a9cb4\" data-element_type=\"container\">\n\t\t\t\t\t<div class=\"e-con-inner\">\n\t\t\t\t<div class=\"elementor-element elementor-element-650f45e7 elementor-widget elementor-widget-breadcrumbs\" data-id=\"650f45e7\" data-element_type=\"widget\" data-widget_type=\"breadcrumbs.default\">\n\t\t\t\t\t<p id=\"breadcrumbs\"><span><span><a href=\"https:\/\/micppf.com\/pl\/\">Home<\/a><\/span><\/span><\/p>\t\t\t\t<\/div>\n\t\t\t\t\t<\/div>\n\t\t\t\t<\/div>\n\t\t<div class=\"elementor-element elementor-element-5935a848 e-con-full e-flex e-con e-parent\" data-id=\"5935a848\" data-element_type=\"container\">\n\t\t<div class=\"elementor-element elementor-element-1c9e722e e-con-full e-flex elementor-invisible e-con e-child\" data-id=\"1c9e722e\" data-element_type=\"container\" data-settings=\"{&quot;animation&quot;:&quot;fadeInUp&quot;}\">\n\t\t\t\t<div class=\"elementor-element elementor-element-677e8981 elementor-widget elementor-widget-heading\" data-id=\"677e8981\" data-element_type=\"widget\" data-widget_type=\"heading.default\">\n\t\t\t\t\t<h2 class=\"elementor-heading-title elementor-size-default\">GOR\u0104CA WYPRZEDA\u017b  <\/h2>\t\t\t\t<\/div>\n\t\t\t\t<div class=\"elementor-element elementor-element-4ce4e46 elementor-widget elementor-widget-heading\" data-id=\"4ce4e46\" data-element_type=\"widget\" data-widget_type=\"heading.default\">\n\t\t\t\t\t<h2 class=\"elementor-heading-title elementor-size-default\">Produkty<\/h2>\t\t\t\t<\/div>\n\t\t\t\t<\/div>\n\t\t<div class=\"elementor-element elementor-element-91ffaa8 e-flex e-con-boxed e-con e-child\" data-id=\"91ffaa8\" data-element_type=\"container\">\n\t\t\t\t\t<div class=\"e-con-inner\">\n\t\t<div class=\"elementor-element elementor-element-abdb2ec e-con-full e-flex elementor-invisible e-con e-child\" data-id=\"abdb2ec\" data-element_type=\"container\" data-settings=\"{&quot;animation&quot;:&quot;fadeInUp&quot;,&quot;animation_delay&quot;:100}\">\n\t\t<a class=\"elementor-element elementor-element-b3688d1 e-con-full e-flex e-con e-child\" data-id=\"b3688d1\" data-element_type=\"container\" href=\"https:\/\/micppf.com\/pl\/ppf\/\">\n\t\t\t\t<div class=\"elementor-element elementor-element-41df1cb elementor-widget elementor-widget-image\" data-id=\"41df1cb\" data-element_type=\"widget\" data-widget_type=\"image.default\">\n\t\t\t\t\t\t\t\t\t\t\t\t\t\t\t<img loading=\"lazy\" decoding=\"async\" width=\"800\" height=\"400\" src=\"https:\/\/micppf.com\/wp-content\/uploads\/2025\/09\/ppf.webp\" class=\"elementor-animation-grow attachment-full size-full wp-image-5034\" alt=\"\" srcset=\"https:\/\/micppf.com\/wp-content\/uploads\/2025\/09\/ppf.webp 800w, https:\/\/micppf.com\/wp-content\/uploads\/2025\/09\/ppf-300x150.webp 300w, https:\/\/micppf.com\/wp-content\/uploads\/2025\/09\/ppf-768x384.webp 768w\" sizes=\"auto, (max-width: 800px) 100vw, 800px\" \/>\t\t\t\t\t\t\t\t\t\t\t\t\t\t\t<\/div>\n\t\t\t\t<\/a>\n\t\t<a class=\"elementor-element elementor-element-88d4d6f e-con-full e-flex e-con e-child\" data-id=\"88d4d6f\" data-element_type=\"container\" href=\"https:\/\/micppf.com\/pl\/ppf\/\">\n\t\t\t\t<div class=\"elementor-element elementor-element-6fd9814 elementor-widget elementor-widget-heading\" data-id=\"6fd9814\" data-element_type=\"widget\" data-widget_type=\"heading.default\">\n\t\t\t\t\t<h2 class=\"elementor-heading-title elementor-size-default\">Folia ochronna lakieru<\/h2>\t\t\t\t<\/div>\n\t\t\t\t<div class=\"elementor-element elementor-element-b8b08cb elementor-widget elementor-widget-text-editor\" data-id=\"b8b08cb\" data-element_type=\"widget\" data-widget_type=\"text-editor.default\">\n\t\t\t\t\t\t\t\t\t<p>  Zapewnia d\u0142ugotrwa\u0142\u0105 ochron\u0119 lakieru z wyko\u0144czeniem jak z salonu.<\/p>\t\t\t\t\t\t\t\t<\/div>\n\t\t\t\t<\/a>\n\t\t\t\t<div class=\"elementor-element elementor-element-bb2fead elementor-align-center elementor-widget__width-initial elementor-widget elementor-widget-button\" data-id=\"bb2fead\" data-element_type=\"widget\" data-widget_type=\"button.default\">\n\t\t\t\t\t\t\t\t\t\t<a class=\"elementor-button elementor-button-link elementor-size-sm elementor-animation-grow\" href=\"https:\/\/micppf.com\/pl\/ppf\/\">\n\t\t\t\t\t\t<span class=\"elementor-button-content-wrapper\">\n\t\t\t\t\t\t\t\t\t<span class=\"elementor-button-text\">Dowiedz si\u0119 wi\u0119cej<\/span>\n\t\t\t\t\t<\/span>\n\t\t\t\t\t<\/a>\n\t\t\t\t\t\t\t\t<\/div>\n\t\t\t\t<\/div>\n\t\t<div class=\"elementor-element elementor-element-a9469f5 e-con-full e-flex elementor-invisible e-con e-child\" data-id=\"a9469f5\" data-element_type=\"container\" data-settings=\"{&quot;animation&quot;:&quot;fadeInUp&quot;,&quot;animation_delay&quot;:200}\">\n\t\t<a class=\"elementor-element elementor-element-e5027fe e-con-full e-flex e-con e-child\" data-id=\"e5027fe\" data-element_type=\"container\" href=\"https:\/\/micppf.com\/pl\/przyciemnianie-szyb\/\">\n\t\t\t\t<div class=\"elementor-element elementor-element-3d50dae elementor-widget elementor-widget-image\" data-id=\"3d50dae\" data-element_type=\"widget\" data-widget_type=\"image.default\">\n\t\t\t\t\t\t\t\t\t\t\t\t\t\t\t<img loading=\"lazy\" decoding=\"async\" width=\"800\" height=\"450\" src=\"https:\/\/micppf.com\/wp-content\/uploads\/2025\/09\/tint.webp\" class=\"elementor-animation-grow attachment-full size-full wp-image-5035\" alt=\"\" srcset=\"https:\/\/micppf.com\/wp-content\/uploads\/2025\/09\/tint.webp 800w, https:\/\/micppf.com\/wp-content\/uploads\/2025\/09\/tint-300x169.webp 300w, https:\/\/micppf.com\/wp-content\/uploads\/2025\/09\/tint-768x432.webp 768w\" sizes=\"auto, (max-width: 800px) 100vw, 800px\" \/>\t\t\t\t\t\t\t\t\t\t\t\t\t\t\t<\/div>\n\t\t\t\t<\/a>\n\t\t<a class=\"elementor-element elementor-element-257007f e-con-full e-flex e-con e-child\" data-id=\"257007f\" data-element_type=\"container\" href=\"https:\/\/micppf.com\/pl\/przyciemnianie-szyb\/\">\n\t\t\t\t<div class=\"elementor-element elementor-element-857e033 elementor-widget elementor-widget-heading\" data-id=\"857e033\" data-element_type=\"widget\" data-widget_type=\"heading.default\">\n\t\t\t\t\t<h2 class=\"elementor-heading-title elementor-size-default\">  Przyciemnianie szyb\n<\/h2>\t\t\t\t<\/div>\n\t\t\t\t<div class=\"elementor-element elementor-element-44edf1c elementor-widget elementor-widget-text-editor\" data-id=\"44edf1c\" data-element_type=\"widget\" data-widget_type=\"text-editor.default\">\n\t\t\t\t\t\t\t\t\t<p>  Odrzucanie ciep\u0142a, ochrona przed promieniowaniem UV, komfort i styl w jednym<\/p>\t\t\t\t\t\t\t\t<\/div>\n\t\t\t\t<\/a>\n\t\t\t\t<div class=\"elementor-element elementor-element-338c51e elementor-align-center elementor-widget__width-initial elementor-widget elementor-widget-button\" data-id=\"338c51e\" data-element_type=\"widget\" data-widget_type=\"button.default\">\n\t\t\t\t\t\t\t\t\t\t<a class=\"elementor-button elementor-button-link elementor-size-sm elementor-animation-grow\" href=\"https:\/\/micppf.com\/pl\/przyciemnianie-szyb\/\">\n\t\t\t\t\t\t<span class=\"elementor-button-content-wrapper\">\n\t\t\t\t\t\t\t\t\t<span class=\"elementor-button-text\">Dowiedz si\u0119 wi\u0119cej<\/span>\n\t\t\t\t\t<\/span>\n\t\t\t\t\t<\/a>\n\t\t\t\t\t\t\t\t<\/div>\n\t\t\t\t<\/div>\n\t\t<div class=\"elementor-element elementor-element-eb75933 e-con-full e-flex elementor-invisible e-con e-child\" data-id=\"eb75933\" data-element_type=\"container\" data-settings=\"{&quot;animation&quot;:&quot;fadeInUp&quot;,&quot;animation_delay&quot;:300}\">\n\t\t<a class=\"elementor-element elementor-element-56e6b11 e-con-full e-flex e-con e-child\" data-id=\"56e6b11\" data-element_type=\"container\" href=\"https:\/\/micppf.com\/pl\/film-architektoniczny\/\">\n\t\t\t\t<div class=\"elementor-element elementor-element-458943f elementor-widget elementor-widget-image\" data-id=\"458943f\" data-element_type=\"widget\" data-widget_type=\"image.default\">\n\t\t\t\t\t\t\t\t\t\t\t\t\t\t\t<img loading=\"lazy\" decoding=\"async\" width=\"800\" height=\"450\" src=\"https:\/\/micppf.com\/wp-content\/uploads\/2025\/09\/arch.webp\" class=\"elementor-animation-grow attachment-full size-full wp-image-5036\" alt=\"\" srcset=\"https:\/\/micppf.com\/wp-content\/uploads\/2025\/09\/arch.webp 800w, https:\/\/micppf.com\/wp-content\/uploads\/2025\/09\/arch-300x169.webp 300w, https:\/\/micppf.com\/wp-content\/uploads\/2025\/09\/arch-768x432.webp 768w\" sizes=\"auto, (max-width: 800px) 100vw, 800px\" \/>\t\t\t\t\t\t\t\t\t\t\t\t\t\t\t<\/div>\n\t\t\t\t<\/a>\n\t\t<a class=\"elementor-element elementor-element-9c93e11 e-con-full e-flex e-con e-child\" data-id=\"9c93e11\" data-element_type=\"container\" href=\"https:\/\/micppf.com\/pl\/film-architektoniczny\/\">\n\t\t\t\t<div class=\"elementor-element elementor-element-f574865 elementor-widget elementor-widget-heading\" data-id=\"f574865\" data-element_type=\"widget\" data-widget_type=\"heading.default\">\n\t\t\t\t\t<h2 class=\"elementor-heading-title elementor-size-default\">Architektoniczna folia okienna<\/h2>\t\t\t\t<\/div>\n\t\t\t\t<div class=\"elementor-element elementor-element-d695f37 elementor-widget elementor-widget-text-editor\" data-id=\"d695f37\" data-element_type=\"widget\" data-widget_type=\"text-editor.default\">\n\t\t\t\t\t\t\t\t\t<p>  Poprawa ochrony, bezpiecze\u0144stwa i estetyki budynk\u00f3w<\/p>\t\t\t\t\t\t\t\t<\/div>\n\t\t\t\t<\/a>\n\t\t\t\t<div class=\"elementor-element elementor-element-7570caa elementor-align-center elementor-widget__width-initial elementor-widget elementor-widget-button\" data-id=\"7570caa\" data-element_type=\"widget\" data-widget_type=\"button.default\">\n\t\t\t\t\t\t\t\t\t\t<a class=\"elementor-button elementor-button-link elementor-size-sm elementor-animation-grow\" href=\"https:\/\/micppf.com\/pl\/film-architektoniczny\/\">\n\t\t\t\t\t\t<span class=\"elementor-button-content-wrapper\">\n\t\t\t\t\t\t\t\t\t<span class=\"elementor-button-text\">Dowiedz si\u0119 wi\u0119cej<\/span>\n\t\t\t\t\t<\/span>\n\t\t\t\t\t<\/a>\n\t\t\t\t\t\t\t\t<\/div>\n\t\t\t\t<\/div>\n\t\t\t\t\t<\/div>\n\t\t\t\t<\/div>\n\t\t\t\t<\/div>\n\t\t\t\t<\/div>\n\t\t","protected":false},"excerpt":{"rendered":"<p>typ produktu GOR\u0104CA WYPRZEDA\u017b Produkty Folia ochronna lakieru Zapewnia d\u0142ugotrwa\u0142\u0105 ochron\u0119 lakieru z wyko\u0144czeniem jak z salonu. Dowiedz si\u0119 wi\u0119cej Przyciemnianie szyb Odrzucanie ciep\u0142a, ochrona przed promieniowaniem UV, komfort i styl w jednym Dowiedz si\u0119 wi\u0119cej Architektoniczna folia okienna Poprawa ochrony, bezpiecze\u0144stwa i estetyki budynk\u00f3w Dowiedz si\u0119 wi\u0119cej<\/p>\n","protected":false},"author":1,"featured_media":0,"parent":0,"menu_order":0,"comment_status":"closed","ping_status":"closed","template":"","meta":{"footnotes":""},"class_list":["post-5049","page","type-page","status-publish","hentry"],"yoast_head":"<!-- This site is optimized with the Yoast SEO plugin v26.6 - https:\/\/yoast.com\/wordpress\/plugins\/seo\/ -->\n<title>Katalog PPF: Produkty i rozwi\u0105zania w zakresie pow\u0142ok ochronnych<\/title>\n<meta name=\"description\" content=\"Zapoznaj si\u0119 z naszym katalogiem folii samochodowych zawieraj\u0105cym produkty PPF i produkty do przyciemniania szyb. Profesjonalne rozwi\u0105zania dla instalator\u00f3w, dealer\u00f3w i dystrybutor\u00f3w na ca\u0142ym \u015bwiecie.\" \/>\n<meta name=\"robots\" content=\"index, follow, max-snippet:-1, max-image-preview:large, max-video-preview:-1\" \/>\n<link rel=\"canonical\" href=\"https:\/\/micppf.com\/pl\/katalog\/\" \/>\n<meta property=\"og:locale\" content=\"pl_PL\" \/>\n<meta property=\"og:type\" content=\"article\" \/>\n<meta property=\"og:title\" content=\"Katalog PPF: Produkty i rozwi\u0105zania w zakresie pow\u0142ok ochronnych\" \/>\n<meta property=\"og:description\" content=\"Zapoznaj si\u0119 z naszym katalogiem folii samochodowych zawieraj\u0105cym produkty PPF i produkty do przyciemniania szyb. Profesjonalne rozwi\u0105zania dla instalator\u00f3w, dealer\u00f3w i dystrybutor\u00f3w na ca\u0142ym \u015bwiecie.\" \/>\n<meta property=\"og:url\" content=\"https:\/\/micppf.com\/pl\/katalog\/\" \/>\n<meta property=\"og:site_name\" content=\"MIC film\" \/>\n<meta property=\"article:modified_time\" content=\"2025-12-17T16:51:50+00:00\" \/>\n<meta property=\"og:image\" content=\"https:\/\/micppf.com\/wp-content\/uploads\/2025\/09\/ppf.webp\" \/>\n<meta name=\"twitter:card\" content=\"summary_large_image\" \/>\n<script type=\"application\/ld+json\" class=\"yoast-schema-graph\">{\"@context\":\"https:\/\/schema.org\",\"@graph\":[{\"@type\":\"WebPage\",\"@id\":\"https:\/\/micppf.com\/pl\/katalog\/\",\"url\":\"https:\/\/micppf.com\/pl\/katalog\/\",\"name\":\"Katalog PPF: Produkty i rozwi\u0105zania w zakresie pow\u0142ok ochronnych\",\"isPartOf\":{\"@id\":\"https:\/\/micppf.com\/pl\/#website\"},\"primaryImageOfPage\":{\"@id\":\"https:\/\/micppf.com\/pl\/katalog\/#primaryimage\"},\"image\":{\"@id\":\"https:\/\/micppf.com\/pl\/katalog\/#primaryimage\"},\"thumbnailUrl\":\"https:\/\/micppf.com\/wp-content\/uploads\/2025\/09\/ppf.webp\",\"datePublished\":\"2025-07-09T10:30:06+00:00\",\"dateModified\":\"2025-12-17T16:51:50+00:00\",\"description\":\"Zapoznaj si\u0119 z naszym katalogiem folii samochodowych zawieraj\u0105cym produkty PPF i produkty do przyciemniania szyb. Profesjonalne rozwi\u0105zania dla instalator\u00f3w, dealer\u00f3w i dystrybutor\u00f3w na ca\u0142ym \u015bwiecie.\",\"breadcrumb\":{\"@id\":\"https:\/\/micppf.com\/pl\/katalog\/#breadcrumb\"},\"inLanguage\":\"pl-PL\",\"potentialAction\":[{\"@type\":\"ReadAction\",\"target\":[\"https:\/\/micppf.com\/pl\/katalog\/\"]}]},{\"@type\":\"ImageObject\",\"inLanguage\":\"pl-PL\",\"@id\":\"https:\/\/micppf.com\/pl\/katalog\/#primaryimage\",\"url\":\"https:\/\/micppf.com\/wp-content\/uploads\/2025\/09\/ppf.webp\",\"contentUrl\":\"https:\/\/micppf.com\/wp-content\/uploads\/2025\/09\/ppf.webp\"},{\"@type\":\"BreadcrumbList\",\"@id\":\"https:\/\/micppf.com\/pl\/katalog\/#breadcrumb\",\"itemListElement\":[{\"@type\":\"ListItem\",\"position\":1,\"name\":\"Home\",\"item\":\"https:\/\/micppf.com\/pl\/\"},{\"@type\":\"ListItem\",\"position\":2,\"name\":\"Katalog\"}]},{\"@type\":\"WebSite\",\"@id\":\"https:\/\/micppf.com\/pl\/#website\",\"url\":\"https:\/\/micppf.com\/pl\/\",\"name\":\"MIC Film Technology Co., Ltd.\",\"description\":\"Discover MIC Film - a professional PPF manufacturer and car film supplier delivering high-quality Paint Protection Film (PPF) with self-healing performance and hydrophobic surface properties. We work with global distributors and provide wholesale supply, fast scaling support, and OEM customization for your market. If you\u2019re comparing options like XPEL, STEK, or LLumar, MIC Film is a highly competitive choice that balances clarity, durability, and consistent supply.\",\"publisher\":{\"@id\":\"https:\/\/micppf.com\/pl\/#organization\"},\"alternateName\":\"MIC Film\",\"potentialAction\":[{\"@type\":\"SearchAction\",\"target\":{\"@type\":\"EntryPoint\",\"urlTemplate\":\"https:\/\/micppf.com\/pl\/?s={search_term_string}\"},\"query-input\":{\"@type\":\"PropertyValueSpecification\",\"valueRequired\":true,\"valueName\":\"search_term_string\"}}],\"inLanguage\":\"pl-PL\"},{\"@type\":\"Organization\",\"@id\":\"https:\/\/micppf.com\/pl\/#organization\",\"name\":\"MIC Film Technology Co., Ltd.\",\"alternateName\":\"MICFilm\",\"url\":\"https:\/\/micppf.com\/pl\/\",\"logo\":{\"@type\":\"ImageObject\",\"inLanguage\":\"pl-PL\",\"@id\":\"https:\/\/micppf.com\/pl\/#\/schema\/logo\/image\/\",\"url\":\"https:\/\/micppf.com\/wp-content\/uploads\/2026\/01\/cropped-sitelogo.png\",\"contentUrl\":\"https:\/\/micppf.com\/wp-content\/uploads\/2026\/01\/cropped-sitelogo.png\",\"width\":512,\"height\":512,\"caption\":\"MIC Film Technology Co., Ltd.\"},\"image\":{\"@id\":\"https:\/\/micppf.com\/pl\/#\/schema\/logo\/image\/\"}}]}<\/script>\n<!-- \/ Yoast SEO plugin. -->","yoast_head_json":{"title":"Katalog PPF: Produkty i rozwi\u0105zania w zakresie pow\u0142ok ochronnych","description":"Zapoznaj si\u0119 z naszym katalogiem folii samochodowych zawieraj\u0105cym produkty PPF i produkty do przyciemniania szyb. Profesjonalne rozwi\u0105zania dla instalator\u00f3w, dealer\u00f3w i dystrybutor\u00f3w na ca\u0142ym \u015bwiecie.","robots":{"index":"index","follow":"follow","max-snippet":"max-snippet:-1","max-image-preview":"max-image-preview:large","max-video-preview":"max-video-preview:-1"},"canonical":"https:\/\/micppf.com\/pl\/katalog\/","og_locale":"pl_PL","og_type":"article","og_title":"Katalog PPF: Produkty i rozwi\u0105zania w zakresie pow\u0142ok ochronnych","og_description":"Zapoznaj si\u0119 z naszym katalogiem folii samochodowych zawieraj\u0105cym produkty PPF i produkty do przyciemniania szyb. Profesjonalne rozwi\u0105zania dla instalator\u00f3w, dealer\u00f3w i dystrybutor\u00f3w na ca\u0142ym \u015bwiecie.","og_url":"https:\/\/micppf.com\/pl\/katalog\/","og_site_name":"MIC film","article_modified_time":"2025-12-17T16:51:50+00:00","og_image":[{"url":"https:\/\/micppf.com\/wp-content\/uploads\/2025\/09\/ppf.webp","type":"","width":"","height":""}],"twitter_card":"summary_large_image","schema":{"@context":"https:\/\/schema.org","@graph":[{"@type":"WebPage","@id":"https:\/\/micppf.com\/pl\/katalog\/","url":"https:\/\/micppf.com\/pl\/katalog\/","name":"Katalog PPF: Produkty i rozwi\u0105zania w zakresie pow\u0142ok ochronnych","isPartOf":{"@id":"https:\/\/micppf.com\/pl\/#website"},"primaryImageOfPage":{"@id":"https:\/\/micppf.com\/pl\/katalog\/#primaryimage"},"image":{"@id":"https:\/\/micppf.com\/pl\/katalog\/#primaryimage"},"thumbnailUrl":"https:\/\/micppf.com\/wp-content\/uploads\/2025\/09\/ppf.webp","datePublished":"2025-07-09T10:30:06+00:00","dateModified":"2025-12-17T16:51:50+00:00","description":"Zapoznaj si\u0119 z naszym katalogiem folii samochodowych zawieraj\u0105cym produkty PPF i produkty do przyciemniania szyb. Profesjonalne rozwi\u0105zania dla instalator\u00f3w, dealer\u00f3w i dystrybutor\u00f3w na ca\u0142ym \u015bwiecie.","breadcrumb":{"@id":"https:\/\/micppf.com\/pl\/katalog\/#breadcrumb"},"inLanguage":"pl-PL","potentialAction":[{"@type":"ReadAction","target":["https:\/\/micppf.com\/pl\/katalog\/"]}]},{"@type":"ImageObject","inLanguage":"pl-PL","@id":"https:\/\/micppf.com\/pl\/katalog\/#primaryimage","url":"https:\/\/micppf.com\/wp-content\/uploads\/2025\/09\/ppf.webp","contentUrl":"https:\/\/micppf.com\/wp-content\/uploads\/2025\/09\/ppf.webp"},{"@type":"BreadcrumbList","@id":"https:\/\/micppf.com\/pl\/katalog\/#breadcrumb","itemListElement":[{"@type":"ListItem","position":1,"name":"Home","item":"https:\/\/micppf.com\/pl\/"},{"@type":"ListItem","position":2,"name":"Katalog"}]},{"@type":"WebSite","@id":"https:\/\/micppf.com\/pl\/#website","url":"https:\/\/micppf.com\/pl\/","name":"MIC Film Technology Co., Ltd.","description":"Discover MIC Film - a professional PPF manufacturer and car film supplier delivering high-quality Paint Protection Film (PPF) with self-healing performance and hydrophobic surface properties. We work with global distributors and provide wholesale supply, fast scaling support, and OEM customization for your market. If you\u2019re comparing options like XPEL, STEK, or LLumar, MIC Film is a highly competitive choice that balances clarity, durability, and consistent supply.","publisher":{"@id":"https:\/\/micppf.com\/pl\/#organization"},"alternateName":"MIC Film","potentialAction":[{"@type":"SearchAction","target":{"@type":"EntryPoint","urlTemplate":"https:\/\/micppf.com\/pl\/?s={search_term_string}"},"query-input":{"@type":"PropertyValueSpecification","valueRequired":true,"valueName":"search_term_string"}}],"inLanguage":"pl-PL"},{"@type":"Organization","@id":"https:\/\/micppf.com\/pl\/#organization","name":"MIC Film Technology Co., Ltd.","alternateName":"MICFilm","url":"https:\/\/micppf.com\/pl\/","logo":{"@type":"ImageObject","inLanguage":"pl-PL","@id":"https:\/\/micppf.com\/pl\/#\/schema\/logo\/image\/","url":"https:\/\/micppf.com\/wp-content\/uploads\/2026\/01\/cropped-sitelogo.png","contentUrl":"https:\/\/micppf.com\/wp-content\/uploads\/2026\/01\/cropped-sitelogo.png","width":512,"height":512,"caption":"MIC Film Technology Co., Ltd."},"image":{"@id":"https:\/\/micppf.com\/pl\/#\/schema\/logo\/image\/"}}]}},"_links":{"self":[{"href":"https:\/\/micppf.com\/pl\/wp-json\/wp\/v2\/pages\/5049","targetHints":{"allow":["GET"]}}],"collection":[{"href":"https:\/\/micppf.com\/pl\/wp-json\/wp\/v2\/pages"}],"about":[{"href":"https:\/\/micppf.com\/pl\/wp-json\/wp\/v2\/types\/page"}],"author":[{"embeddable":true,"href":"https:\/\/micppf.com\/pl\/wp-json\/wp\/v2\/users\/1"}],"replies":[{"embeddable":true,"href":"https:\/\/micppf.com\/pl\/wp-json\/wp\/v2\/comments?post=5049"}],"version-history":[{"count":5,"href":"https:\/\/micppf.com\/pl\/wp-json\/wp\/v2\/pages\/5049\/revisions"}],"predecessor-version":[{"id":6128,"href":"https:\/\/micppf.com\/pl\/wp-json\/wp\/v2\/pages\/5049\/revisions\/6128"}],"wp:attachment":[{"href":"https:\/\/micppf.com\/pl\/wp-json\/wp\/v2\/media?parent=5049"}],"curies":[{"name":"wp","href":"https:\/\/api.w.org\/{rel}","templated":true}]}}