{"id":9226,"date":"2025-07-09T18:30:06","date_gmt":"2025-07-09T10:30:06","guid":{"rendered":"https:\/\/micppf.com\/katalog\/"},"modified":"2026-04-22T20:35:04","modified_gmt":"2026-04-22T12:35:04","slug":"katalog","status":"publish","type":"page","link":"https:\/\/micppf.com\/hr\/katalog\/","title":{"rendered":"Katalog"},"content":{"rendered":"\t\t<div data-elementor-type=\"wp-page\" data-elementor-id=\"9226\" class=\"elementor elementor-9226 elementor-3761\" data-elementor-post-type=\"page\">\n\t\t\t\t<div class=\"elementor-element elementor-element-52ab5749 e-con-full e-flex e-con e-parent\" data-id=\"52ab5749\" data-element_type=\"container\" data-e-type=\"container\" data-settings=\"{&quot;background_background&quot;:&quot;classic&quot;}\">\n\t\t<div class=\"elementor-element elementor-element-649fa831 e-flex e-con-boxed elementor-invisible e-con e-child\" data-id=\"649fa831\" data-element_type=\"container\" data-e-type=\"container\" data-settings=\"{&quot;animation&quot;:&quot;fadeInUp&quot;}\">\n\t\t\t\t\t<div class=\"e-con-inner\">\n\t\t\t\t<div class=\"elementor-element elementor-element-3bd08e6a elementor-widget elementor-widget-heading\" data-id=\"3bd08e6a\" data-element_type=\"widget\" data-e-type=\"widget\" data-widget_type=\"heading.default\">\n\t\t\t\t\t<h1 class=\"elementor-heading-title elementor-size-default\">vrsta proizvoda<\/h1>\t\t\t\t<\/div>\n\t\t\t\t\t<\/div>\n\t\t\t\t<\/div>\n\t\t\t\t<\/div>\n\t\t<div class=\"elementor-element elementor-element-2b21aa3 e-flex e-con-boxed e-con e-parent\" data-id=\"2b21aa3\" data-element_type=\"container\" data-e-type=\"container\">\n\t\t\t\t\t<div class=\"e-con-inner\">\n\t\t\t\t<div class=\"elementor-element elementor-element-255c59e0 elementor-widget elementor-widget-breadcrumbs\" data-id=\"255c59e0\" data-element_type=\"widget\" data-e-type=\"widget\" data-widget_type=\"breadcrumbs.default\">\n\t\t\t\t\t<p id=\"breadcrumbs\"><span><span><a href=\"https:\/\/micppf.com\/hr\/\">Home<\/a><\/span><\/span><\/p>\t\t\t\t<\/div>\n\t\t\t\t\t<\/div>\n\t\t\t\t<\/div>\n\t\t<div class=\"elementor-element elementor-element-5935a848 e-con-full e-flex e-con e-parent\" data-id=\"5935a848\" data-element_type=\"container\" data-e-type=\"container\">\n\t\t<div class=\"elementor-element elementor-element-1c9e722e e-con-full e-flex elementor-invisible e-con e-child\" data-id=\"1c9e722e\" data-element_type=\"container\" data-e-type=\"container\" data-settings=\"{&quot;animation&quot;:&quot;fadeInUp&quot;}\">\n\t\t\t\t<div class=\"elementor-element elementor-element-677e8981 elementor-widget elementor-widget-heading\" data-id=\"677e8981\" data-element_type=\"widget\" data-e-type=\"widget\" data-widget_type=\"heading.default\">\n\t\t\t\t\t<h2 class=\"elementor-heading-title elementor-size-default\">HOT SALE<\/h2>\t\t\t\t<\/div>\n\t\t\t\t<div class=\"elementor-element elementor-element-4ce4e46 elementor-widget elementor-widget-heading\" data-id=\"4ce4e46\" data-element_type=\"widget\" data-e-type=\"widget\" data-widget_type=\"heading.default\">\n\t\t\t\t\t<h2 class=\"elementor-heading-title elementor-size-default\">Proizvodi<\/h2>\t\t\t\t<\/div>\n\t\t\t\t<\/div>\n\t\t<div class=\"elementor-element elementor-element-6b604f0 e-flex e-con-boxed e-con e-child\" data-id=\"6b604f0\" data-element_type=\"container\" data-e-type=\"container\">\n\t\t\t\t\t<div class=\"e-con-inner\">\n\t\t<div class=\"elementor-element elementor-element-ba492f2 e-con-full e-flex elementor-invisible e-con e-child\" data-id=\"ba492f2\" data-element_type=\"container\" data-e-type=\"container\" data-settings=\"{&quot;animation&quot;:&quot;fadeInUp&quot;,&quot;animation_delay&quot;:100}\">\n\t\t<a class=\"elementor-element elementor-element-c019262 e-con-full e-flex e-con e-child\" data-id=\"c019262\" data-element_type=\"container\" data-e-type=\"container\" href=\"https:\/\/micppf.com\/hr\/ppf\/\">\n\t\t\t\t<div class=\"elementor-element elementor-element-6e64fa2 elementor-widget elementor-widget-image\" data-id=\"6e64fa2\" data-element_type=\"widget\" data-e-type=\"widget\" data-widget_type=\"image.default\">\n\t\t\t\t\t\t\t\t\t\t\t\t\t\t\t<img fetchpriority=\"high\" decoding=\"async\" width=\"800\" height=\"400\" src=\"https:\/\/micppf.com\/wp-content\/uploads\/2025\/09\/ppf.webp\" class=\"elementor-animation-grow attachment-full size-full wp-image-9067\" alt=\"\" srcset=\"https:\/\/micppf.com\/wp-content\/uploads\/2025\/09\/ppf.webp 800w, https:\/\/micppf.com\/wp-content\/uploads\/2025\/09\/ppf-300x150.webp 300w, https:\/\/micppf.com\/wp-content\/uploads\/2025\/09\/ppf-768x384.webp 768w\" sizes=\"(max-width: 800px) 100vw, 800px\" \/>\t\t\t\t\t\t\t\t\t\t\t\t\t\t\t<\/div>\n\t\t\t\t<\/a>\n\t\t<a class=\"elementor-element elementor-element-34efbf3 e-con-full e-flex e-con e-child\" data-id=\"34efbf3\" data-element_type=\"container\" data-e-type=\"container\" href=\"https:\/\/micppf.com\/hr\/ppf\/\">\n\t\t\t\t<div class=\"elementor-element elementor-element-289ab0e elementor-widget elementor-widget-heading\" data-id=\"289ab0e\" data-element_type=\"widget\" data-e-type=\"widget\" data-widget_type=\"heading.default\">\n\t\t\t\t\t<h2 class=\"elementor-heading-title elementor-size-default\">Folija za za\u0161titu laka<\/h2>\t\t\t\t<\/div>\n\t\t\t\t<div class=\"elementor-element elementor-element-831f033 elementor-widget elementor-widget-text-editor\" data-id=\"831f033\" data-element_type=\"widget\" data-e-type=\"widget\" data-widget_type=\"text-editor.default\">\n\t\t\t\t\t\t\t\t\t<p> Pru\u017ea dugotrajnu za\u0161titu laka uz zavr\u0161ni izgled kao iz salona.<\/p>\t\t\t\t\t\t\t\t<\/div>\n\t\t\t\t<\/a>\n\t\t\t\t<div class=\"elementor-element elementor-element-24a74b6 elementor-align-center elementor-widget elementor-widget-button\" data-id=\"24a74b6\" data-element_type=\"widget\" data-e-type=\"widget\" data-widget_type=\"button.default\">\n\t\t\t\t\t\t\t\t\t\t<a class=\"elementor-button elementor-button-link elementor-size-sm elementor-animation-grow\" href=\"https:\/\/micppf.com\/hr\/ppf\/\">\n\t\t\t\t\t\t<span class=\"elementor-button-content-wrapper\">\n\t\t\t\t\t\t\t\t\t<span class=\"elementor-button-text\">Folija za za\u0161titu laka<\/span>\n\t\t\t\t\t<\/span>\n\t\t\t\t\t<\/a>\n\t\t\t\t\t\t\t\t<\/div>\n\t\t\t\t<\/div>\n\t\t<div class=\"elementor-element elementor-element-b989370 e-con-full e-flex elementor-invisible e-con e-child\" data-id=\"b989370\" data-element_type=\"container\" data-e-type=\"container\" data-settings=\"{&quot;animation&quot;:&quot;fadeInUp&quot;,&quot;animation_delay&quot;:200}\">\n\t\t<a class=\"elementor-element elementor-element-9c19d60 e-con-full e-flex e-con e-child\" data-id=\"9c19d60\" data-element_type=\"container\" data-e-type=\"container\" href=\"https:\/\/micppf.com\/window-tint\/\">\n\t\t\t\t<div class=\"elementor-element elementor-element-1972ac7 elementor-widget elementor-widget-image\" data-id=\"1972ac7\" data-element_type=\"widget\" data-e-type=\"widget\" data-widget_type=\"image.default\">\n\t\t\t\t\t\t\t\t\t\t\t\t\t\t\t<img decoding=\"async\" width=\"800\" height=\"450\" src=\"https:\/\/micppf.com\/wp-content\/uploads\/2025\/09\/tint.webp\" class=\"elementor-animation-grow attachment-full size-full wp-image-9068\" alt=\"\" srcset=\"https:\/\/micppf.com\/wp-content\/uploads\/2025\/09\/tint.webp 800w, https:\/\/micppf.com\/wp-content\/uploads\/2025\/09\/tint-300x169.webp 300w, https:\/\/micppf.com\/wp-content\/uploads\/2025\/09\/tint-768x432.webp 768w\" sizes=\"(max-width: 800px) 100vw, 800px\" \/>\t\t\t\t\t\t\t\t\t\t\t\t\t\t\t<\/div>\n\t\t\t\t<\/a>\n\t\t<a class=\"elementor-element elementor-element-8836e41 e-con-full e-flex e-con e-child\" data-id=\"8836e41\" data-element_type=\"container\" data-e-type=\"container\" href=\"https:\/\/micppf.com\/window-tint\/\">\n\t\t\t\t<div class=\"elementor-element elementor-element-6a0527f elementor-widget elementor-widget-heading\" data-id=\"6a0527f\" data-element_type=\"widget\" data-e-type=\"widget\" data-widget_type=\"heading.default\">\n\t\t\t\t\t<h2 class=\"elementor-heading-title elementor-size-default\">Folija za zatamnjivanje stakala<\/h2>\t\t\t\t<\/div>\n\t\t\t\t<div class=\"elementor-element elementor-element-e542160 elementor-widget elementor-widget-text-editor\" data-id=\"e542160\" data-element_type=\"widget\" data-e-type=\"widget\" data-widget_type=\"text-editor.default\">\n\t\t\t\t\t\t\t\t\t<p> Odbijanje topline, UV za\u0161tita, udobnost i stil \u2014 spojeni u jednom<\/p>\t\t\t\t\t\t\t\t<\/div>\n\t\t\t\t<\/a>\n\t\t\t\t<div class=\"elementor-element elementor-element-75836ff elementor-align-center elementor-widget elementor-widget-button\" data-id=\"75836ff\" data-element_type=\"widget\" data-e-type=\"widget\" data-widget_type=\"button.default\">\n\t\t\t\t\t\t\t\t\t\t<a class=\"elementor-button elementor-button-link elementor-size-sm elementor-animation-grow\" href=\"https:\/\/micppf.com\/window-tint\/\">\n\t\t\t\t\t\t<span class=\"elementor-button-content-wrapper\">\n\t\t\t\t\t\t\t\t\t<span class=\"elementor-button-text\">Folija za zatamnjivanje stakala<\/span>\n\t\t\t\t\t<\/span>\n\t\t\t\t\t<\/a>\n\t\t\t\t\t\t\t\t<\/div>\n\t\t\t\t<\/div>\n\t\t<div class=\"elementor-element elementor-element-c5fc40a e-con-full e-flex elementor-invisible e-con e-child\" data-id=\"c5fc40a\" data-element_type=\"container\" data-e-type=\"container\" data-settings=\"{&quot;animation&quot;:&quot;fadeInUp&quot;,&quot;animation_delay&quot;:300}\">\n\t\t<a class=\"elementor-element elementor-element-697b43b e-con-full e-flex e-con e-child\" data-id=\"697b43b\" data-element_type=\"container\" data-e-type=\"container\" href=\"https:\/\/micppf.com\/architectural-film\/\">\n\t\t\t\t<div class=\"elementor-element elementor-element-e050289 elementor-widget elementor-widget-image\" data-id=\"e050289\" data-element_type=\"widget\" data-e-type=\"widget\" data-widget_type=\"image.default\">\n\t\t\t\t\t\t\t\t\t\t\t\t\t\t\t<img decoding=\"async\" width=\"800\" height=\"450\" src=\"https:\/\/micppf.com\/wp-content\/uploads\/2025\/09\/arch.webp\" class=\"elementor-animation-grow attachment-full size-full wp-image-9069\" alt=\"\" srcset=\"https:\/\/micppf.com\/wp-content\/uploads\/2025\/09\/arch.webp 800w, https:\/\/micppf.com\/wp-content\/uploads\/2025\/09\/arch-300x169.webp 300w, https:\/\/micppf.com\/wp-content\/uploads\/2025\/09\/arch-768x432.webp 768w\" sizes=\"(max-width: 800px) 100vw, 800px\" \/>\t\t\t\t\t\t\t\t\t\t\t\t\t\t\t<\/div>\n\t\t\t\t<\/a>\n\t\t<a class=\"elementor-element elementor-element-9a83022 e-con-full e-flex e-con e-child\" data-id=\"9a83022\" data-element_type=\"container\" data-e-type=\"container\" href=\"https:\/\/micppf.com\/architectural-film\/\">\n\t\t\t\t<div class=\"elementor-element elementor-element-a6515bb elementor-widget elementor-widget-heading\" data-id=\"a6515bb\" data-element_type=\"widget\" data-e-type=\"widget\" data-widget_type=\"heading.default\">\n\t\t\t\t\t<h2 class=\"elementor-heading-title elementor-size-default\">Arhitektonska folija za stakla<\/h2>\t\t\t\t<\/div>\n\t\t\t\t<div class=\"elementor-element elementor-element-408efaf elementor-widget elementor-widget-text-editor\" data-id=\"408efaf\" data-element_type=\"widget\" data-e-type=\"widget\" data-widget_type=\"text-editor.default\">\n\t\t\t\t\t\t\t\t\t<p> Unaprijedite zgrade za\u0161titom, sigurno\u0161\u0107u i estetikom<\/p>\t\t\t\t\t\t\t\t<\/div>\n\t\t\t\t<\/a>\n\t\t\t\t<div class=\"elementor-element elementor-element-2fc2339 elementor-align-center elementor-widget elementor-widget-button\" data-id=\"2fc2339\" data-element_type=\"widget\" data-e-type=\"widget\" data-widget_type=\"button.default\">\n\t\t\t\t\t\t\t\t\t\t<a class=\"elementor-button elementor-button-link elementor-size-sm elementor-animation-grow\" href=\"https:\/\/micppf.com\/architectural-film\/\">\n\t\t\t\t\t\t<span class=\"elementor-button-content-wrapper\">\n\t\t\t\t\t\t\t\t\t<span class=\"elementor-button-text\">Arhitektonska folija za stakla<\/span>\n\t\t\t\t\t<\/span>\n\t\t\t\t\t<\/a>\n\t\t\t\t\t\t\t\t<\/div>\n\t\t\t\t<\/div>\n\t\t\t\t\t<\/div>\n\t\t\t\t<\/div>\n\t\t\t\t<\/div>\n\t\t\t\t<\/div>\n\t\t","protected":false},"excerpt":{"rendered":"<p>vrsta proizvoda HOT SALE Proizvodi Folija za za\u0161titu laka Pru\u017ea dugotrajnu za\u0161titu laka uz zavr\u0161ni izgled kao iz salona. Folija za za\u0161titu laka Folija za zatamnjivanje stakala Odbijanje topline, UV za\u0161tita, udobnost i stil \u2014 spojeni u jednom Folija za zatamnjivanje stakala Arhitektonska folija za stakla Unaprijedite zgrade za\u0161titom, sigurno\u0161\u0107u i estetikom Arhitektonska folija za [&hellip;]<\/p>\n","protected":false},"author":1,"featured_media":0,"parent":0,"menu_order":0,"comment_status":"closed","ping_status":"closed","template":"","meta":{"footnotes":""},"class_list":["post-9226","page","type-page","status-publish","hentry"],"yoast_head":"<!-- This site is optimized with the Yoast SEO plugin v27.4 - https:\/\/yoast.com\/product\/yoast-seo-wordpress\/ -->\n<title>Katalog PPF i folija za zatamnjivanje stakala automobila<\/title>\n<meta name=\"description\" content=\"Katalog automobilskih i arhitektonskih folija uklju\u010duju\u0107i PPF i rje\u0161enja za stakla. Profesionalni izbor za instalatere i partnere.\" \/>\n<meta name=\"robots\" content=\"index, follow, max-snippet:-1, max-image-preview:large, max-video-preview:-1\" \/>\n<link rel=\"canonical\" href=\"https:\/\/micppf.com\/hr\/katalog\/\" \/>\n<meta property=\"og:locale\" content=\"hr_HR\" \/>\n<meta property=\"og:type\" content=\"article\" \/>\n<meta property=\"og:title\" content=\"Katalog PPF i folija za zatamnjivanje stakala automobila\" \/>\n<meta property=\"og:description\" content=\"Katalog automobilskih i arhitektonskih folija uklju\u010duju\u0107i PPF i rje\u0161enja za stakla. Profesionalni izbor za instalatere i partnere.\" \/>\n<meta property=\"og:url\" content=\"https:\/\/micppf.com\/hr\/katalog\/\" \/>\n<meta property=\"og:site_name\" content=\"MIC film\" \/>\n<meta property=\"article:modified_time\" content=\"2026-04-22T12:35:04+00:00\" \/>\n<meta property=\"og:image\" content=\"https:\/\/micppf.com\/wp-content\/uploads\/2025\/09\/ppf.webp\" \/>\n<meta name=\"twitter:card\" content=\"summary_large_image\" \/>\n<script type=\"application\/ld+json\" class=\"yoast-schema-graph\">{\"@context\":\"https:\\\/\\\/schema.org\",\"@graph\":[{\"@type\":\"WebPage\",\"@id\":\"https:\\\/\\\/micppf.com\\\/hr\\\/katalog\\\/\",\"url\":\"https:\\\/\\\/micppf.com\\\/hr\\\/katalog\\\/\",\"name\":\"Katalog PPF i folija za zatamnjivanje stakala automobila\",\"isPartOf\":{\"@id\":\"https:\\\/\\\/lawngreen-rabbit-716552.hostingersite.com\\\/pl\\\/#website\"},\"primaryImageOfPage\":{\"@id\":\"https:\\\/\\\/micppf.com\\\/hr\\\/katalog\\\/#primaryimage\"},\"image\":{\"@id\":\"https:\\\/\\\/micppf.com\\\/hr\\\/katalog\\\/#primaryimage\"},\"thumbnailUrl\":\"https:\\\/\\\/micppf.com\\\/wp-content\\\/uploads\\\/2025\\\/09\\\/ppf.webp\",\"datePublished\":\"2025-07-09T10:30:06+00:00\",\"dateModified\":\"2026-04-22T12:35:04+00:00\",\"description\":\"Katalog automobilskih i arhitektonskih folija uklju\u010duju\u0107i PPF i rje\u0161enja za stakla. Profesionalni izbor za instalatere i partnere.\",\"breadcrumb\":{\"@id\":\"https:\\\/\\\/micppf.com\\\/hr\\\/katalog\\\/#breadcrumb\"},\"inLanguage\":\"hr\",\"potentialAction\":[{\"@type\":\"ReadAction\",\"target\":[\"https:\\\/\\\/micppf.com\\\/hr\\\/katalog\\\/\"]}]},{\"@type\":\"ImageObject\",\"inLanguage\":\"hr\",\"@id\":\"https:\\\/\\\/micppf.com\\\/hr\\\/katalog\\\/#primaryimage\",\"url\":\"https:\\\/\\\/micppf.com\\\/wp-content\\\/uploads\\\/2025\\\/09\\\/ppf.webp\",\"contentUrl\":\"https:\\\/\\\/micppf.com\\\/wp-content\\\/uploads\\\/2025\\\/09\\\/ppf.webp\"},{\"@type\":\"BreadcrumbList\",\"@id\":\"https:\\\/\\\/micppf.com\\\/hr\\\/katalog\\\/#breadcrumb\",\"itemListElement\":[{\"@type\":\"ListItem\",\"position\":1,\"name\":\"Home\",\"item\":\"https:\\\/\\\/micppf.com\\\/hr\\\/\"},{\"@type\":\"ListItem\",\"position\":2,\"name\":\"Katalog\"}]},{\"@type\":\"WebSite\",\"@id\":\"https:\\\/\\\/lawngreen-rabbit-716552.hostingersite.com\\\/pl\\\/#website\",\"url\":\"https:\\\/\\\/lawngreen-rabbit-716552.hostingersite.com\\\/pl\\\/\",\"name\":\"MIC Film Technology Co., Ltd.\",\"description\":\"Discover MIC Film - a professional PPF manufacturer and car film supplier delivering high-quality Paint Protection Film (PPF) with self-healing performance and hydrophobic surface properties. We work with global distributors and provide wholesale supply, fast scaling support, and OEM customization for your market. If you\u2019re comparing options like XPEL, STEK, or LLumar, MIC Film is a highly competitive choice that balances clarity, durability, and consistent supply.\",\"publisher\":{\"@id\":\"https:\\\/\\\/lawngreen-rabbit-716552.hostingersite.com\\\/pl\\\/#organization\"},\"alternateName\":\"MIC Film\",\"potentialAction\":[{\"@type\":\"SearchAction\",\"target\":{\"@type\":\"EntryPoint\",\"urlTemplate\":\"https:\\\/\\\/lawngreen-rabbit-716552.hostingersite.com\\\/pl\\\/?s={search_term_string}\"},\"query-input\":{\"@type\":\"PropertyValueSpecification\",\"valueRequired\":true,\"valueName\":\"search_term_string\"}}],\"inLanguage\":\"hr\"},{\"@type\":\"Organization\",\"@id\":\"https:\\\/\\\/lawngreen-rabbit-716552.hostingersite.com\\\/pl\\\/#organization\",\"name\":\"MIC Film Technology Co., Ltd.\",\"alternateName\":\"MICFilm\",\"url\":\"https:\\\/\\\/lawngreen-rabbit-716552.hostingersite.com\\\/pl\\\/\",\"logo\":{\"@type\":\"ImageObject\",\"inLanguage\":\"hr\",\"@id\":\"https:\\\/\\\/lawngreen-rabbit-716552.hostingersite.com\\\/pl\\\/#\\\/schema\\\/logo\\\/image\\\/\",\"url\":\"https:\\\/\\\/micppf.com\\\/wp-content\\\/uploads\\\/2026\\\/01\\\/cropped-sitelogo.png\",\"contentUrl\":\"https:\\\/\\\/micppf.com\\\/wp-content\\\/uploads\\\/2026\\\/01\\\/cropped-sitelogo.png\",\"width\":512,\"height\":512,\"caption\":\"MIC Film Technology Co., Ltd.\"},\"image\":{\"@id\":\"https:\\\/\\\/lawngreen-rabbit-716552.hostingersite.com\\\/pl\\\/#\\\/schema\\\/logo\\\/image\\\/\"}}]}<\/script>\n<!-- \/ Yoast SEO plugin. -->","yoast_head_json":{"title":"Katalog PPF i folija za zatamnjivanje stakala automobila","description":"Katalog automobilskih i arhitektonskih folija uklju\u010duju\u0107i PPF i rje\u0161enja za stakla. Profesionalni izbor za instalatere i partnere.","robots":{"index":"index","follow":"follow","max-snippet":"max-snippet:-1","max-image-preview":"max-image-preview:large","max-video-preview":"max-video-preview:-1"},"canonical":"https:\/\/micppf.com\/hr\/katalog\/","og_locale":"hr_HR","og_type":"article","og_title":"Katalog PPF i folija za zatamnjivanje stakala automobila","og_description":"Katalog automobilskih i arhitektonskih folija uklju\u010duju\u0107i PPF i rje\u0161enja za stakla. Profesionalni izbor za instalatere i partnere.","og_url":"https:\/\/micppf.com\/hr\/katalog\/","og_site_name":"MIC film","article_modified_time":"2026-04-22T12:35:04+00:00","og_image":[{"url":"https:\/\/micppf.com\/wp-content\/uploads\/2025\/09\/ppf.webp","type":"","width":"","height":""}],"twitter_card":"summary_large_image","schema":{"@context":"https:\/\/schema.org","@graph":[{"@type":"WebPage","@id":"https:\/\/micppf.com\/hr\/katalog\/","url":"https:\/\/micppf.com\/hr\/katalog\/","name":"Katalog PPF i folija za zatamnjivanje stakala automobila","isPartOf":{"@id":"https:\/\/lawngreen-rabbit-716552.hostingersite.com\/pl\/#website"},"primaryImageOfPage":{"@id":"https:\/\/micppf.com\/hr\/katalog\/#primaryimage"},"image":{"@id":"https:\/\/micppf.com\/hr\/katalog\/#primaryimage"},"thumbnailUrl":"https:\/\/micppf.com\/wp-content\/uploads\/2025\/09\/ppf.webp","datePublished":"2025-07-09T10:30:06+00:00","dateModified":"2026-04-22T12:35:04+00:00","description":"Katalog automobilskih i arhitektonskih folija uklju\u010duju\u0107i PPF i rje\u0161enja za stakla. Profesionalni izbor za instalatere i partnere.","breadcrumb":{"@id":"https:\/\/micppf.com\/hr\/katalog\/#breadcrumb"},"inLanguage":"hr","potentialAction":[{"@type":"ReadAction","target":["https:\/\/micppf.com\/hr\/katalog\/"]}]},{"@type":"ImageObject","inLanguage":"hr","@id":"https:\/\/micppf.com\/hr\/katalog\/#primaryimage","url":"https:\/\/micppf.com\/wp-content\/uploads\/2025\/09\/ppf.webp","contentUrl":"https:\/\/micppf.com\/wp-content\/uploads\/2025\/09\/ppf.webp"},{"@type":"BreadcrumbList","@id":"https:\/\/micppf.com\/hr\/katalog\/#breadcrumb","itemListElement":[{"@type":"ListItem","position":1,"name":"Home","item":"https:\/\/micppf.com\/hr\/"},{"@type":"ListItem","position":2,"name":"Katalog"}]},{"@type":"WebSite","@id":"https:\/\/lawngreen-rabbit-716552.hostingersite.com\/pl\/#website","url":"https:\/\/lawngreen-rabbit-716552.hostingersite.com\/pl\/","name":"MIC Film Technology Co., Ltd.","description":"Discover MIC Film - a professional PPF manufacturer and car film supplier delivering high-quality Paint Protection Film (PPF) with self-healing performance and hydrophobic surface properties. We work with global distributors and provide wholesale supply, fast scaling support, and OEM customization for your market. If you\u2019re comparing options like XPEL, STEK, or LLumar, MIC Film is a highly competitive choice that balances clarity, durability, and consistent supply.","publisher":{"@id":"https:\/\/lawngreen-rabbit-716552.hostingersite.com\/pl\/#organization"},"alternateName":"MIC Film","potentialAction":[{"@type":"SearchAction","target":{"@type":"EntryPoint","urlTemplate":"https:\/\/lawngreen-rabbit-716552.hostingersite.com\/pl\/?s={search_term_string}"},"query-input":{"@type":"PropertyValueSpecification","valueRequired":true,"valueName":"search_term_string"}}],"inLanguage":"hr"},{"@type":"Organization","@id":"https:\/\/lawngreen-rabbit-716552.hostingersite.com\/pl\/#organization","name":"MIC Film Technology Co., Ltd.","alternateName":"MICFilm","url":"https:\/\/lawngreen-rabbit-716552.hostingersite.com\/pl\/","logo":{"@type":"ImageObject","inLanguage":"hr","@id":"https:\/\/lawngreen-rabbit-716552.hostingersite.com\/pl\/#\/schema\/logo\/image\/","url":"https:\/\/micppf.com\/wp-content\/uploads\/2026\/01\/cropped-sitelogo.png","contentUrl":"https:\/\/micppf.com\/wp-content\/uploads\/2026\/01\/cropped-sitelogo.png","width":512,"height":512,"caption":"MIC Film Technology Co., Ltd."},"image":{"@id":"https:\/\/lawngreen-rabbit-716552.hostingersite.com\/pl\/#\/schema\/logo\/image\/"}}]}},"_links":{"self":[{"href":"https:\/\/micppf.com\/hr\/wp-json\/wp\/v2\/pages\/9226","targetHints":{"allow":["GET"]}}],"collection":[{"href":"https:\/\/micppf.com\/hr\/wp-json\/wp\/v2\/pages"}],"about":[{"href":"https:\/\/micppf.com\/hr\/wp-json\/wp\/v2\/types\/page"}],"author":[{"embeddable":true,"href":"https:\/\/micppf.com\/hr\/wp-json\/wp\/v2\/users\/1"}],"replies":[{"embeddable":true,"href":"https:\/\/micppf.com\/hr\/wp-json\/wp\/v2\/comments?post=9226"}],"version-history":[{"count":1,"href":"https:\/\/micppf.com\/hr\/wp-json\/wp\/v2\/pages\/9226\/revisions"}],"predecessor-version":[{"id":9248,"href":"https:\/\/micppf.com\/hr\/wp-json\/wp\/v2\/pages\/9226\/revisions\/9248"}],"wp:attachment":[{"href":"https:\/\/micppf.com\/hr\/wp-json\/wp\/v2\/media?parent=9226"}],"curies":[{"name":"wp","href":"https:\/\/api.w.org\/{rel}","templated":true}]}}