{"id":4779,"date":"2025-07-09T18:30:06","date_gmt":"2025-07-09T10:30:06","guid":{"rendered":"https:\/\/micppf.com\/catalogo\/"},"modified":"2025-11-21T16:53:49","modified_gmt":"2025-11-21T08:53:49","slug":"catalogo","status":"publish","type":"page","link":"https:\/\/micppf.com\/es\/catalogo\/","title":{"rendered":"Cat\u00e1logo"},"content":{"rendered":"\t\t<div data-elementor-type=\"wp-page\" data-elementor-id=\"4779\" class=\"elementor elementor-4779 elementor-3761\" data-elementor-post-type=\"page\">\n\t\t\t\t<div class=\"elementor-element elementor-element-52ab5749 e-con-full e-flex e-con e-parent\" data-id=\"52ab5749\" data-element_type=\"container\" data-settings=\"{&quot;background_background&quot;:&quot;classic&quot;}\">\n\t\t<div class=\"elementor-element elementor-element-649fa831 e-flex e-con-boxed elementor-invisible e-con e-child\" data-id=\"649fa831\" data-element_type=\"container\" data-settings=\"{&quot;animation&quot;:&quot;fadeInUp&quot;}\">\n\t\t\t\t\t<div class=\"e-con-inner\">\n\t\t\t\t<div class=\"elementor-element elementor-element-3bd08e6a elementor-widget elementor-widget-heading\" data-id=\"3bd08e6a\" data-element_type=\"widget\" data-widget_type=\"heading.default\">\n\t\t\t\t\t<h1 class=\"elementor-heading-title elementor-size-default\">\u0422\u0438\u043f\u044b \u043f\u0440\u043e\u0434\u0443\u043a\u0442\u043e\u0432<\/h1>\t\t\t\t<\/div>\n\t\t\t\t\t<\/div>\n\t\t\t\t<\/div>\n\t\t\t\t<\/div>\n\t\t<div class=\"elementor-element elementor-element-2b21aa3 e-flex e-con-boxed e-con e-parent\" data-id=\"2b21aa3\" data-element_type=\"container\">\n\t\t\t\t\t<div class=\"e-con-inner\">\n\t\t\t\t<div class=\"elementor-element elementor-element-255c59e0 elementor-widget elementor-widget-breadcrumbs\" data-id=\"255c59e0\" data-element_type=\"widget\" data-widget_type=\"breadcrumbs.default\">\n\t\t\t\t\t<p id=\"breadcrumbs\"><span><span><a href=\"https:\/\/lawngreen-rabbit-716552.hostingersite.com\/es\/\">Home<\/a><\/span><\/span><\/p>\t\t\t\t<\/div>\n\t\t\t\t\t<\/div>\n\t\t\t\t<\/div>\n\t\t<div class=\"elementor-element elementor-element-5935a848 e-con-full e-flex e-con e-parent\" data-id=\"5935a848\" data-element_type=\"container\">\n\t\t<div class=\"elementor-element elementor-element-1c9e722e e-con-full e-flex elementor-invisible e-con e-child\" data-id=\"1c9e722e\" data-element_type=\"container\" data-settings=\"{&quot;animation&quot;:&quot;fadeInUp&quot;}\">\n\t\t\t\t<div class=\"elementor-element elementor-element-677e8981 elementor-widget elementor-widget-heading\" data-id=\"677e8981\" data-element_type=\"widget\" data-widget_type=\"heading.default\">\n\t\t\t\t\t<h2 class=\"elementor-heading-title elementor-size-default\">\u0413\u041e\u0420\u042f\u0427\u0410\u042f \u0420\u0410\u0421\u041f\u0420\u041e\u0414\u0410\u0416\u0410 <\/h2>\t\t\t\t<\/div>\n\t\t\t\t<div class=\"elementor-element elementor-element-4ce4e46 elementor-widget elementor-widget-heading\" data-id=\"4ce4e46\" data-element_type=\"widget\" data-widget_type=\"heading.default\">\n\t\t\t\t\t<h2 class=\"elementor-heading-title elementor-size-default\">\u0442\u043e\u0432\u0430\u0440\u043e\u0432<\/h2>\t\t\t\t<\/div>\n\t\t\t\t<\/div>\n\t\t<div class=\"elementor-element elementor-element-3decefc3 e-flex e-con-boxed e-con e-child\" data-id=\"3decefc3\" data-element_type=\"container\">\n\t\t\t\t\t<div class=\"e-con-inner\">\n\t\t<div class=\"elementor-element elementor-element-494fa661 e-con-full e-flex elementor-invisible e-con e-child\" data-id=\"494fa661\" data-element_type=\"container\" data-settings=\"{&quot;animation&quot;:&quot;fadeInUp&quot;,&quot;animation_delay&quot;:100}\">\n\t\t<a class=\"elementor-element elementor-element-7b14beb1 e-con-full e-flex e-con e-child\" data-id=\"7b14beb1\" data-element_type=\"container\" href=\"https:\/\/micppf.com\/es\/ppf\/\">\n\t\t\t\t<div class=\"elementor-element elementor-element-ba8b7f8 elementor-widget elementor-widget-image\" data-id=\"ba8b7f8\" data-element_type=\"widget\" data-widget_type=\"image.default\">\n\t\t\t\t\t\t\t\t\t\t\t\t\t\t\t<img loading=\"lazy\" decoding=\"async\" width=\"800\" height=\"400\" src=\"https:\/\/micppf.com\/wp-content\/uploads\/2025\/09\/ppf.webp\" class=\"elementor-animation-grow attachment-full size-full wp-image-4485\" alt=\"\" srcset=\"https:\/\/micppf.com\/wp-content\/uploads\/2025\/09\/ppf.webp 800w, https:\/\/micppf.com\/wp-content\/uploads\/2025\/09\/ppf-300x150.webp 300w, https:\/\/micppf.com\/wp-content\/uploads\/2025\/09\/ppf-768x384.webp 768w\" sizes=\"auto, (max-width: 800px) 100vw, 800px\" \/>\t\t\t\t\t\t\t\t\t\t\t\t\t\t\t<\/div>\n\t\t\t\t<\/a>\n\t\t<a class=\"elementor-element elementor-element-3b98e0e2 e-con-full e-flex e-con e-child\" data-id=\"3b98e0e2\" data-element_type=\"container\" href=\"https:\/\/micppf.com\/\/ru\/ppf\/\">\n\t\t\t\t<div class=\"elementor-element elementor-element-226afd8 elementor-widget elementor-widget-heading\" data-id=\"226afd8\" data-element_type=\"widget\" data-widget_type=\"heading.default\">\n\t\t\t\t\t<h2 class=\"elementor-heading-title elementor-size-default\">\u0410\u043d\u0442\u0438\u0433\u0440\u0430\u0432\u0438\u0439\u043d\u0430\u044f \u043f\u043b\u0451\u043d\u043a\u0430<\/h2>\t\t\t\t<\/div>\n\t\t\t\t<div class=\"elementor-element elementor-element-60192f6d elementor-widget elementor-widget-text-editor\" data-id=\"60192f6d\" data-element_type=\"widget\" data-widget_type=\"text-editor.default\">\n\t\t\t\t\t\t\t\t\t<p>\u00a0\u0414\u043e\u043b\u0433\u043e\u0432\u0435\u0447\u043d\u0430\u044f \u0437\u0430\u0449\u0438\u0442\u0430 \u043a\u0443\u0437\u043e\u0432\u0430 \u0438 \u0438\u0434\u0435\u0430\u043b\u044c\u043d\u044b\u0439 \u0431\u043b\u0435\u0441\u043a!<\/p>\t\t\t\t\t\t\t\t<\/div>\n\t\t\t\t<\/a>\n\t\t\t\t<div class=\"elementor-element elementor-element-294736a5 elementor-align-center elementor-widget__width-initial elementor-widget elementor-widget-button\" data-id=\"294736a5\" data-element_type=\"widget\" data-widget_type=\"button.default\">\n\t\t\t\t\t\t\t\t\t\t<a class=\"elementor-button elementor-button-link elementor-size-sm elementor-animation-grow\" href=\"https:\/\/micppf.com\/es\/ppf\/\">\n\t\t\t\t\t\t<span class=\"elementor-button-content-wrapper\">\n\t\t\t\t\t\t\t\t\t<span class=\"elementor-button-text\">\u041f\u043e\u0434\u0440\u043e\u0431\u043d\u0435\u0435<\/span>\n\t\t\t\t\t<\/span>\n\t\t\t\t\t<\/a>\n\t\t\t\t\t\t\t\t<\/div>\n\t\t\t\t<\/div>\n\t\t<div class=\"elementor-element elementor-element-4117d8c2 e-con-full e-flex elementor-invisible e-con e-child\" data-id=\"4117d8c2\" data-element_type=\"container\" data-settings=\"{&quot;animation&quot;:&quot;fadeInUp&quot;,&quot;animation_delay&quot;:200}\">\n\t\t<a class=\"elementor-element elementor-element-68f51dd e-con-full e-flex e-con e-child\" data-id=\"68f51dd\" data-element_type=\"container\" href=\"https:\/\/micppf.com\/es\/tintado-de-cristales\/\">\n\t\t\t\t<div class=\"elementor-element elementor-element-3c1e5abc elementor-widget elementor-widget-image\" data-id=\"3c1e5abc\" data-element_type=\"widget\" data-widget_type=\"image.default\">\n\t\t\t\t\t\t\t\t\t\t\t\t\t\t\t<img loading=\"lazy\" decoding=\"async\" width=\"800\" height=\"450\" src=\"https:\/\/micppf.com\/wp-content\/uploads\/2025\/09\/tint.webp\" class=\"elementor-animation-grow attachment-full size-full wp-image-4486\" alt=\"\" srcset=\"https:\/\/micppf.com\/wp-content\/uploads\/2025\/09\/tint.webp 800w, https:\/\/micppf.com\/wp-content\/uploads\/2025\/09\/tint-300x169.webp 300w, https:\/\/micppf.com\/wp-content\/uploads\/2025\/09\/tint-768x432.webp 768w\" sizes=\"auto, (max-width: 800px) 100vw, 800px\" \/>\t\t\t\t\t\t\t\t\t\t\t\t\t\t\t<\/div>\n\t\t\t\t<\/a>\n\t\t<a class=\"elementor-element elementor-element-4facc237 e-con-full e-flex e-con e-child\" data-id=\"4facc237\" data-element_type=\"container\" href=\"https:\/\/micppf.com\/es\/tintado-de-cristales\/\">\n\t\t\t\t<div class=\"elementor-element elementor-element-5d26d4b5 elementor-widget elementor-widget-heading\" data-id=\"5d26d4b5\" data-element_type=\"widget\" data-widget_type=\"heading.default\">\n\t\t\t\t\t<h2 class=\"elementor-heading-title elementor-size-default\"> \u0422\u043e\u043d\u0438\u0440\u043e\u0432\u043e\u0447\u043d\u0430\u044f \u043f\u043b\u0451\u043d\u043a\u0430\n<\/h2>\t\t\t\t<\/div>\n\t\t\t\t<div class=\"elementor-element elementor-element-63990463 elementor-widget elementor-widget-text-editor\" data-id=\"63990463\" data-element_type=\"widget\" data-widget_type=\"text-editor.default\">\n\t\t\t\t\t\t\t\t\t<p>\u00a0\u0417\u0430\u0449\u0438\u0442\u0430 \u043e\u0442 \u0441\u043e\u043b\u043d\u0446\u0430, \u043a\u043e\u043c\u0444\u043e\u0440\u0442 \u0438 \u0441\u0442\u0438\u043b\u044c \u0434\u043b\u044f \u0432\u0430\u0448\u0435\u0433\u043e \u0430\u0432\u0442\u043e\u043c\u043e\u0431\u0438\u043b\u044f<\/p>\t\t\t\t\t\t\t\t<\/div>\n\t\t\t\t<\/a>\n\t\t\t\t<div class=\"elementor-element elementor-element-6ed8d2a9 elementor-align-center elementor-widget__width-initial elementor-widget elementor-widget-button\" data-id=\"6ed8d2a9\" data-element_type=\"widget\" data-widget_type=\"button.default\">\n\t\t\t\t\t\t\t\t\t\t<a class=\"elementor-button elementor-button-link elementor-size-sm elementor-animation-grow\" href=\"https:\/\/micppf.com\/es\/tintado-de-cristales\/\">\n\t\t\t\t\t\t<span class=\"elementor-button-content-wrapper\">\n\t\t\t\t\t\t\t\t\t<span class=\"elementor-button-text\">\u041f\u043e\u0434\u0440\u043e\u0431\u043d\u0435\u0435<\/span>\n\t\t\t\t\t<\/span>\n\t\t\t\t\t<\/a>\n\t\t\t\t\t\t\t\t<\/div>\n\t\t\t\t<\/div>\n\t\t<div class=\"elementor-element elementor-element-4d64e661 e-con-full e-flex elementor-invisible e-con e-child\" data-id=\"4d64e661\" data-element_type=\"container\" data-settings=\"{&quot;animation&quot;:&quot;fadeInUp&quot;,&quot;animation_delay&quot;:300}\">\n\t\t<a class=\"elementor-element elementor-element-3579a394 e-con-full e-flex e-con e-child\" data-id=\"3579a394\" data-element_type=\"container\" href=\"https:\/\/micppf.com\/architectural-film\/\">\n\t\t\t\t<div class=\"elementor-element elementor-element-545e85f9 elementor-widget elementor-widget-image\" data-id=\"545e85f9\" data-element_type=\"widget\" data-widget_type=\"image.default\">\n\t\t\t\t\t\t\t\t\t\t\t\t\t\t\t<img loading=\"lazy\" decoding=\"async\" width=\"800\" height=\"450\" src=\"https:\/\/micppf.com\/wp-content\/uploads\/2025\/09\/arch.webp\" class=\"elementor-animation-grow attachment-full size-full wp-image-4487\" alt=\"\" srcset=\"https:\/\/micppf.com\/wp-content\/uploads\/2025\/09\/arch.webp 800w, https:\/\/micppf.com\/wp-content\/uploads\/2025\/09\/arch-300x169.webp 300w, https:\/\/micppf.com\/wp-content\/uploads\/2025\/09\/arch-768x432.webp 768w\" sizes=\"auto, (max-width: 800px) 100vw, 800px\" \/>\t\t\t\t\t\t\t\t\t\t\t\t\t\t\t<\/div>\n\t\t\t\t<\/a>\n\t\t<a class=\"elementor-element elementor-element-53fac095 e-con-full e-flex e-con e-child\" data-id=\"53fac095\" data-element_type=\"container\" href=\"https:\/\/micppf.com\/architectural-film\/\">\n\t\t\t\t<div class=\"elementor-element elementor-element-6234752c elementor-widget elementor-widget-heading\" data-id=\"6234752c\" data-element_type=\"widget\" data-widget_type=\"heading.default\">\n\t\t\t\t\t<h2 class=\"elementor-heading-title elementor-size-default\">\u0410\u0440\u0445\u0438\u0442\u0435\u043a\u0442\u0443\u0440\u043d\u0430\u044f \u043f\u043b\u0451\u043d\u043a\u0430<\/h2>\t\t\t\t<\/div>\n\t\t\t\t<div class=\"elementor-element elementor-element-15cd4c32 elementor-widget elementor-widget-text-editor\" data-id=\"15cd4c32\" data-element_type=\"widget\" data-widget_type=\"text-editor.default\">\n\t\t\t\t\t\t\t\t\t<p>\u00a0\u0417\u0430\u0449\u0438\u0442\u0430, \u043a\u043e\u043c\u0444\u043e\u0440\u0442 \u0438 \u0441\u0442\u0438\u043b\u044c \u0434\u043b\u044f \u0432\u0430\u0448\u0435\u0433\u043e \u0437\u0434\u0430\u043d\u0438\u044f<\/p>\t\t\t\t\t\t\t\t<\/div>\n\t\t\t\t<\/a>\n\t\t\t\t<div class=\"elementor-element elementor-element-21a29593 elementor-align-center elementor-widget__width-initial elementor-widget elementor-widget-button\" data-id=\"21a29593\" data-element_type=\"widget\" data-widget_type=\"button.default\">\n\t\t\t\t\t\t\t\t\t\t<a class=\"elementor-button elementor-button-link elementor-size-sm elementor-animation-grow\" href=\"https:\/\/micppf.com\/architectural-film\/\">\n\t\t\t\t\t\t<span class=\"elementor-button-content-wrapper\">\n\t\t\t\t\t\t\t\t\t<span class=\"elementor-button-text\">\u041f\u043e\u0434\u0440\u043e\u0431\u043d\u0435\u0435<\/span>\n\t\t\t\t\t<\/span>\n\t\t\t\t\t<\/a>\n\t\t\t\t\t\t\t\t<\/div>\n\t\t\t\t<\/div>\n\t\t\t\t\t<\/div>\n\t\t\t\t<\/div>\n\t\t\t\t<\/div>\n\t\t\t\t<\/div>\n\t\t","protected":false},"excerpt":{"rendered":"<p>\u0422\u0438\u043f\u044b \u043f\u0440\u043e\u0434\u0443\u043a\u0442\u043e\u0432 \u0413\u041e\u0420\u042f\u0427\u0410\u042f \u0420\u0410\u0421\u041f\u0420\u041e\u0414\u0410\u0416\u0410 \u0442\u043e\u0432\u0430\u0440\u043e\u0432 \u0410\u043d\u0442\u0438\u0433\u0440\u0430\u0432\u0438\u0439\u043d\u0430\u044f \u043f\u043b\u0451\u043d\u043a\u0430 \u00a0\u0414\u043e\u043b\u0433\u043e\u0432\u0435\u0447\u043d\u0430\u044f \u0437\u0430\u0449\u0438\u0442\u0430 \u043a\u0443\u0437\u043e\u0432\u0430 \u0438 \u0438\u0434\u0435\u0430\u043b\u044c\u043d\u044b\u0439 \u0431\u043b\u0435\u0441\u043a! \u041f\u043e\u0434\u0440\u043e\u0431\u043d\u0435\u0435 \u0422\u043e\u043d\u0438\u0440\u043e\u0432\u043e\u0447\u043d\u0430\u044f \u043f\u043b\u0451\u043d\u043a\u0430 \u00a0\u0417\u0430\u0449\u0438\u0442\u0430 \u043e\u0442 \u0441\u043e\u043b\u043d\u0446\u0430, \u043a\u043e\u043c\u0444\u043e\u0440\u0442 \u0438 \u0441\u0442\u0438\u043b\u044c \u0434\u043b\u044f \u0432\u0430\u0448\u0435\u0433\u043e \u0430\u0432\u0442\u043e\u043c\u043e\u0431\u0438\u043b\u044f \u041f\u043e\u0434\u0440\u043e\u0431\u043d\u0435\u0435 \u0410\u0440\u0445\u0438\u0442\u0435\u043a\u0442\u0443\u0440\u043d\u0430\u044f \u043f\u043b\u0451\u043d\u043a\u0430 \u00a0\u0417\u0430\u0449\u0438\u0442\u0430, \u043a\u043e\u043c\u0444\u043e\u0440\u0442 \u0438 \u0441\u0442\u0438\u043b\u044c \u0434\u043b\u044f \u0432\u0430\u0448\u0435\u0433\u043e \u0437\u0434\u0430\u043d\u0438\u044f \u041f\u043e\u0434\u0440\u043e\u0431\u043d\u0435\u0435<\/p>\n","protected":false},"author":1,"featured_media":0,"parent":0,"menu_order":0,"comment_status":"closed","ping_status":"closed","template":"","meta":{"footnotes":""},"class_list":["post-4779","page","type-page","status-publish","hentry"],"yoast_head":"<!-- This site is optimized with the Yoast SEO plugin v26.6 - https:\/\/yoast.com\/wordpress\/plugins\/seo\/ -->\n<title>Cat\u00e1logo PPF: Pel\u00edculas de Protecci\u00f3n para Autom\u00f3viles<\/title>\n<meta name=\"description\" content=\"Explora nuestro cat\u00e1logo de pel\u00edculas automotrices, incluyendo PPF y polarizado. Soluciones profesionales para instaladores, distribuidores y mayoristas.\" \/>\n<meta name=\"robots\" content=\"index, follow, max-snippet:-1, max-image-preview:large, max-video-preview:-1\" \/>\n<link rel=\"canonical\" href=\"https:\/\/micppf.com\/es\/catalogo\/\" \/>\n<meta property=\"og:locale\" content=\"es_ES\" \/>\n<meta property=\"og:type\" content=\"article\" \/>\n<meta property=\"og:title\" content=\"Cat\u00e1logo PPF: Pel\u00edculas de Protecci\u00f3n para Autom\u00f3viles\" \/>\n<meta property=\"og:description\" content=\"Explora nuestro cat\u00e1logo de pel\u00edculas automotrices, incluyendo PPF y polarizado. Soluciones profesionales para instaladores, distribuidores y mayoristas.\" \/>\n<meta property=\"og:url\" content=\"https:\/\/micppf.com\/es\/catalogo\/\" \/>\n<meta property=\"og:site_name\" content=\"MIC film\" \/>\n<meta property=\"article:modified_time\" content=\"2025-11-21T08:53:49+00:00\" \/>\n<meta property=\"og:image\" content=\"https:\/\/micppf.com\/wp-content\/uploads\/2025\/09\/ppf.webp\" \/>\n<meta name=\"twitter:card\" content=\"summary_large_image\" \/>\n<script type=\"application\/ld+json\" class=\"yoast-schema-graph\">{\"@context\":\"https:\/\/schema.org\",\"@graph\":[{\"@type\":\"WebPage\",\"@id\":\"https:\/\/micppf.com\/es\/catalogo\/\",\"url\":\"https:\/\/micppf.com\/es\/catalogo\/\",\"name\":\"Cat\u00e1logo PPF: Pel\u00edculas de Protecci\u00f3n para Autom\u00f3viles\",\"isPartOf\":{\"@id\":\"https:\/\/micppf.com\/es\/#website\"},\"primaryImageOfPage\":{\"@id\":\"https:\/\/micppf.com\/es\/catalogo\/#primaryimage\"},\"image\":{\"@id\":\"https:\/\/micppf.com\/es\/catalogo\/#primaryimage\"},\"thumbnailUrl\":\"https:\/\/micppf.com\/wp-content\/uploads\/2025\/09\/ppf.webp\",\"datePublished\":\"2025-07-09T10:30:06+00:00\",\"dateModified\":\"2025-11-21T08:53:49+00:00\",\"description\":\"Explora nuestro cat\u00e1logo de pel\u00edculas automotrices, incluyendo PPF y polarizado. Soluciones profesionales para instaladores, distribuidores y mayoristas.\",\"breadcrumb\":{\"@id\":\"https:\/\/micppf.com\/es\/catalogo\/#breadcrumb\"},\"inLanguage\":\"es\",\"potentialAction\":[{\"@type\":\"ReadAction\",\"target\":[\"https:\/\/micppf.com\/es\/catalogo\/\"]}]},{\"@type\":\"ImageObject\",\"inLanguage\":\"es\",\"@id\":\"https:\/\/micppf.com\/es\/catalogo\/#primaryimage\",\"url\":\"https:\/\/micppf.com\/wp-content\/uploads\/2025\/09\/ppf.webp\",\"contentUrl\":\"https:\/\/micppf.com\/wp-content\/uploads\/2025\/09\/ppf.webp\"},{\"@type\":\"BreadcrumbList\",\"@id\":\"https:\/\/micppf.com\/es\/catalogo\/#breadcrumb\",\"itemListElement\":[{\"@type\":\"ListItem\",\"position\":1,\"name\":\"Home\",\"item\":\"https:\/\/lawngreen-rabbit-716552.hostingersite.com\/es\/\"},{\"@type\":\"ListItem\",\"position\":2,\"name\":\"Cat\u00e1logo\"}]},{\"@type\":\"WebSite\",\"@id\":\"https:\/\/micppf.com\/es\/#website\",\"url\":\"https:\/\/micppf.com\/es\/\",\"name\":\"MIC Film Technology Co., Ltd.\",\"description\":\"Discover MIC Film - a professional PPF manufacturer and car film supplier delivering high-quality Paint Protection Film (PPF) with self-healing performance and hydrophobic surface properties. We work with global distributors and provide wholesale supply, fast scaling support, and OEM customization for your market. If you\u2019re comparing options like XPEL, STEK, or LLumar, MIC Film is a highly competitive choice that balances clarity, durability, and consistent supply.\",\"publisher\":{\"@id\":\"https:\/\/micppf.com\/es\/#organization\"},\"alternateName\":\"MIC Film\",\"potentialAction\":[{\"@type\":\"SearchAction\",\"target\":{\"@type\":\"EntryPoint\",\"urlTemplate\":\"https:\/\/micppf.com\/es\/?s={search_term_string}\"},\"query-input\":{\"@type\":\"PropertyValueSpecification\",\"valueRequired\":true,\"valueName\":\"search_term_string\"}}],\"inLanguage\":\"es\"},{\"@type\":\"Organization\",\"@id\":\"https:\/\/micppf.com\/es\/#organization\",\"name\":\"MIC Film Technology Co., Ltd.\",\"alternateName\":\"MICFilm\",\"url\":\"https:\/\/micppf.com\/es\/\",\"logo\":{\"@type\":\"ImageObject\",\"inLanguage\":\"es\",\"@id\":\"https:\/\/micppf.com\/es\/#\/schema\/logo\/image\/\",\"url\":\"https:\/\/micppf.com\/wp-content\/uploads\/2026\/01\/cropped-sitelogo.png\",\"contentUrl\":\"https:\/\/micppf.com\/wp-content\/uploads\/2026\/01\/cropped-sitelogo.png\",\"width\":512,\"height\":512,\"caption\":\"MIC Film Technology Co., Ltd.\"},\"image\":{\"@id\":\"https:\/\/micppf.com\/es\/#\/schema\/logo\/image\/\"}}]}<\/script>\n<!-- \/ Yoast SEO plugin. -->","yoast_head_json":{"title":"Cat\u00e1logo PPF: Pel\u00edculas de Protecci\u00f3n para Autom\u00f3viles","description":"Explora nuestro cat\u00e1logo de pel\u00edculas automotrices, incluyendo PPF y polarizado. Soluciones profesionales para instaladores, distribuidores y mayoristas.","robots":{"index":"index","follow":"follow","max-snippet":"max-snippet:-1","max-image-preview":"max-image-preview:large","max-video-preview":"max-video-preview:-1"},"canonical":"https:\/\/micppf.com\/es\/catalogo\/","og_locale":"es_ES","og_type":"article","og_title":"Cat\u00e1logo PPF: Pel\u00edculas de Protecci\u00f3n para Autom\u00f3viles","og_description":"Explora nuestro cat\u00e1logo de pel\u00edculas automotrices, incluyendo PPF y polarizado. Soluciones profesionales para instaladores, distribuidores y mayoristas.","og_url":"https:\/\/micppf.com\/es\/catalogo\/","og_site_name":"MIC film","article_modified_time":"2025-11-21T08:53:49+00:00","og_image":[{"url":"https:\/\/micppf.com\/wp-content\/uploads\/2025\/09\/ppf.webp","type":"","width":"","height":""}],"twitter_card":"summary_large_image","schema":{"@context":"https:\/\/schema.org","@graph":[{"@type":"WebPage","@id":"https:\/\/micppf.com\/es\/catalogo\/","url":"https:\/\/micppf.com\/es\/catalogo\/","name":"Cat\u00e1logo PPF: Pel\u00edculas de Protecci\u00f3n para Autom\u00f3viles","isPartOf":{"@id":"https:\/\/micppf.com\/es\/#website"},"primaryImageOfPage":{"@id":"https:\/\/micppf.com\/es\/catalogo\/#primaryimage"},"image":{"@id":"https:\/\/micppf.com\/es\/catalogo\/#primaryimage"},"thumbnailUrl":"https:\/\/micppf.com\/wp-content\/uploads\/2025\/09\/ppf.webp","datePublished":"2025-07-09T10:30:06+00:00","dateModified":"2025-11-21T08:53:49+00:00","description":"Explora nuestro cat\u00e1logo de pel\u00edculas automotrices, incluyendo PPF y polarizado. Soluciones profesionales para instaladores, distribuidores y mayoristas.","breadcrumb":{"@id":"https:\/\/micppf.com\/es\/catalogo\/#breadcrumb"},"inLanguage":"es","potentialAction":[{"@type":"ReadAction","target":["https:\/\/micppf.com\/es\/catalogo\/"]}]},{"@type":"ImageObject","inLanguage":"es","@id":"https:\/\/micppf.com\/es\/catalogo\/#primaryimage","url":"https:\/\/micppf.com\/wp-content\/uploads\/2025\/09\/ppf.webp","contentUrl":"https:\/\/micppf.com\/wp-content\/uploads\/2025\/09\/ppf.webp"},{"@type":"BreadcrumbList","@id":"https:\/\/micppf.com\/es\/catalogo\/#breadcrumb","itemListElement":[{"@type":"ListItem","position":1,"name":"Home","item":"https:\/\/lawngreen-rabbit-716552.hostingersite.com\/es\/"},{"@type":"ListItem","position":2,"name":"Cat\u00e1logo"}]},{"@type":"WebSite","@id":"https:\/\/micppf.com\/es\/#website","url":"https:\/\/micppf.com\/es\/","name":"MIC Film Technology Co., Ltd.","description":"Discover MIC Film - a professional PPF manufacturer and car film supplier delivering high-quality Paint Protection Film (PPF) with self-healing performance and hydrophobic surface properties. We work with global distributors and provide wholesale supply, fast scaling support, and OEM customization for your market. If you\u2019re comparing options like XPEL, STEK, or LLumar, MIC Film is a highly competitive choice that balances clarity, durability, and consistent supply.","publisher":{"@id":"https:\/\/micppf.com\/es\/#organization"},"alternateName":"MIC Film","potentialAction":[{"@type":"SearchAction","target":{"@type":"EntryPoint","urlTemplate":"https:\/\/micppf.com\/es\/?s={search_term_string}"},"query-input":{"@type":"PropertyValueSpecification","valueRequired":true,"valueName":"search_term_string"}}],"inLanguage":"es"},{"@type":"Organization","@id":"https:\/\/micppf.com\/es\/#organization","name":"MIC Film Technology Co., Ltd.","alternateName":"MICFilm","url":"https:\/\/micppf.com\/es\/","logo":{"@type":"ImageObject","inLanguage":"es","@id":"https:\/\/micppf.com\/es\/#\/schema\/logo\/image\/","url":"https:\/\/micppf.com\/wp-content\/uploads\/2026\/01\/cropped-sitelogo.png","contentUrl":"https:\/\/micppf.com\/wp-content\/uploads\/2026\/01\/cropped-sitelogo.png","width":512,"height":512,"caption":"MIC Film Technology Co., Ltd."},"image":{"@id":"https:\/\/micppf.com\/es\/#\/schema\/logo\/image\/"}}]}},"_links":{"self":[{"href":"https:\/\/micppf.com\/es\/wp-json\/wp\/v2\/pages\/4779","targetHints":{"allow":["GET"]}}],"collection":[{"href":"https:\/\/micppf.com\/es\/wp-json\/wp\/v2\/pages"}],"about":[{"href":"https:\/\/micppf.com\/es\/wp-json\/wp\/v2\/types\/page"}],"author":[{"embeddable":true,"href":"https:\/\/micppf.com\/es\/wp-json\/wp\/v2\/users\/1"}],"replies":[{"embeddable":true,"href":"https:\/\/micppf.com\/es\/wp-json\/wp\/v2\/comments?post=4779"}],"version-history":[{"count":2,"href":"https:\/\/micppf.com\/es\/wp-json\/wp\/v2\/pages\/4779\/revisions"}],"predecessor-version":[{"id":4823,"href":"https:\/\/micppf.com\/es\/wp-json\/wp\/v2\/pages\/4779\/revisions\/4823"}],"wp:attachment":[{"href":"https:\/\/micppf.com\/es\/wp-json\/wp\/v2\/media?parent=4779"}],"curies":[{"name":"wp","href":"https:\/\/api.w.org\/{rel}","templated":true}]}}